{"id":792,"date":"2016-04-21T11:24:57","date_gmt":"2016-04-21T11:24:57","guid":{"rendered":"https:\/\/dm79790.domenomania.eu\/?page_id=792"},"modified":"2026-02-08T09:48:46","modified_gmt":"2026-02-08T09:48:46","slug":"intro-image-2-2","status":"publish","type":"page","link":"https:\/\/dm79790.domenomania.eu\/?page_id=792","title":{"rendered":"Ogniska \/ Grille"},"content":{"rendered":"<div class=\"lead \">Organizujesz ognisko? Przyda\u0142by si\u0119 muzyk lub dw\u00f3ch, kt\u00f3rzy przynios\u0105 gitary i bez pr\u0105du zagraj\u0105 najpopularniejsze ogniskowe piosenki do wsp\u00f3lnego \u015bpiewania? A mo\u017ce planujesz grilla dla pracownik\u00f3w pod wynaj\u0119t\u0105 wiat\u0105? <strong>Ogniskowo-grillowa oprawa muzyczna<\/strong> to gwarancja wsp\u00f3lnego \u015bpiewania i niezapomnianego wieczoru.<\/div>\n<p>To doskona\u0142a propozycja zar\u00f3wno dla mniejszych, z\u017cytych ze sob\u0105 grup, jak i ciekawa atrakcja na wi\u0119ksze imprezy tego typu. Wyst\u0119p mo\u017ce odby\u0107 si\u0119 przy samym ogniu, w\u015br\u00f3d ludzi, jak r\u00f3wnie\u017c z dogodnej odleg\u0142o\u015bci \u2013 <strong>dysponujemy odpowiednim nag\u0142o\u015bnieniem<\/strong>, kt\u00f3re w razie potrzeby zapewni komfortowy odbi\u00f3r muzyki na \u017cywo.<\/p>\n<h4>Grill \/ ognisko to:<\/h4>\n<ul>\n<li>\u015bwietna atmosfera dawnych spotka\u0144 przy ogniu<\/li>\n<li>najbardziej znane ogniskowe hity<\/li>\n<li>mi\u0142y muzyczny dodatek do grillowania na \u015bwie\u017cym powietrzu<\/li>\n<li>klimat letnich wieczor\u00f3w, kt\u00f3ry zostaje na d\u0142ugo<\/li>\n<\/ul>\n<p>Skontaktuj si\u0119 z nami i zapytaj o terminy! Przygotujemy ofert\u0119 skrojon\u0105 na miar\u0119.<\/p>\n<h5>Na Ogniskach\/Grillach mog\u0105 dla Was zagra\u0107:<\/h5>\n<div class=\"kafelki-galeria\">\n<div class=\"kafelek\">\n        <img decoding=\"async\" src=\"wp-content\/uploads\/2026\/02\/Jedrys-kafelek-2.jpg\" alt=\"J\u0119dry\u015b\"><br \/>\n        <span class=\"kafelek-podpis\">\u0141ukasz J\u0119drys<\/span>\n    <\/div>\n<div class=\"kafelek\">\n        <img decoding=\"async\" src=\"wp-content\/uploads\/2026\/02\/Nevergreen-kafelek.jpg\" alt=\"Nevergreen\"><br \/>\n        <span class=\"kafelek-podpis\">Nevergreen<\/span>\n    <\/div>\n<div class=\"kafelek\">\n        <img decoding=\"async\" src=\"wp-content\/uploads\/2026\/02\/Jakub-kafelek.jpg\" alt=\"Jakub\"><br \/>\n        <span class=\"kafelek-podpis\">Jakub \u201eQbek\u201d Zaj\u0105czkowski<\/span>\n    <\/div>\n<div class=\"kafelek\">\n        <img decoding=\"async\" src=\"wp-content\/uploads\/2026\/02\/Pawel-Kafelek.jpg\" alt=\"Pawe\u0142\"><br \/>\n        <span class=\"kafelek-podpis\">Pawe\u0142 Borze\u0144ski<\/span>\n    <\/div>\n<\/div>\n","protected":false},"excerpt":{"rendered":"<p>To doskona\u0142a propozycja zar\u00f3wno dla mniejszych, z\u017cytych ze sob\u0105 grup, jak i ciekawa atrakcja na wi\u0119ksze imprezy tego typu. Wyst\u0119p mo\u017ce odby\u0107 si\u0119 przy samym ogniu, w\u015br\u00f3d ludzi, jak r\u00f3wnie\u017c z dogodnej odleg\u0142o\u015bci \u2013 dysponujemy odpowiednim nag\u0142o\u015bnieniem, kt\u00f3re w razie potrzeby zapewni komfortowy odbi\u00f3r muzyki na \u017cywo. Grill \/ ognisko to: \u015bwietna atmosfera dawnych spotka\u0144 [&hellip;]<\/p>\n","protected":false},"author":1,"featured_media":0,"parent":0,"menu_order":0,"comment_status":"closed","ping_status":"closed","template":"","meta":{"footnotes":""},"class_list":["post-792","page","type-page","status-publish","hentry"],"_links":{"self":[{"href":"https:\/\/dm79790.domenomania.eu\/index.php?rest_route=\/wp\/v2\/pages\/792","targetHints":{"allow":["GET"]}}],"collection":[{"href":"https:\/\/dm79790.domenomania.eu\/index.php?rest_route=\/wp\/v2\/pages"}],"about":[{"href":"https:\/\/dm79790.domenomania.eu\/index.php?rest_route=\/wp\/v2\/types\/page"}],"author":[{"embeddable":true,"href":"https:\/\/dm79790.domenomania.eu\/index.php?rest_route=\/wp\/v2\/users\/1"}],"replies":[{"embeddable":true,"href":"https:\/\/dm79790.domenomania.eu\/index.php?rest_route=%2Fwp%2Fv2%2Fcomments&post=792"}],"version-history":[{"count":6,"href":"https:\/\/dm79790.domenomania.eu\/index.php?rest_route=\/wp\/v2\/pages\/792\/revisions"}],"predecessor-version":[{"id":916,"href":"https:\/\/dm79790.domenomania.eu\/index.php?rest_route=\/wp\/v2\/pages\/792\/revisions\/916"}],"wp:attachment":[{"href":"https:\/\/dm79790.domenomania.eu\/index.php?rest_route=%2Fwp%2Fv2%2Fmedia&parent=792"}],"curies":[{"name":"wp","href":"https:\/\/api.w.org\/{rel}","templated":true}]}}